{"id":9147,"date":"2021-06-16T15:39:48","date_gmt":"2021-06-16T13:39:48","guid":{"rendered":"https:\/\/nakedearth.al\/?post_type=product&#038;p=9147"},"modified":"2026-02-14T21:46:07","modified_gmt":"2026-02-14T20:46:07","slug":"krem-per-skalpin","status":"publish","type":"product","link":"https:\/\/nakedearth.al\/en\/product\/krem-per-skalpin\/","title":{"rendered":"Krem p\u00ebr Skalpin"},"content":{"rendered":"<p>Hidraton skalpet e thata<br \/>\nForcon l\u00ebkur\u00ebn e re<br \/>\nRedukton prodhimin e sebumit (vajit)<br \/>\nEkuilibron mikroflor\u00ebn e kok\u00ebs<br \/>\nTestuar dermatologjikisht<br \/>\nI sigurt p\u00ebr t\u00eb porsalindurit<br \/>\nI p\u00ebrshtatsh\u00ebm p\u00ebr l\u00ebkur\u00eb t\u00eb ndjeshme dhe t\u00eb prirur p\u00ebr ekzem\u00eb<br \/>\nVegan-miq\u00ebsor dhe pa mizori<br \/>\nFormul\u00eb e leht\u00eb, pa arom\u00eb<\/p>\n<p>Si t\u00eb p\u00ebrdorni<br \/>\n\u2022 P\u00ebrdorni nj\u00eb sasi t\u00eb vog\u00ebl dhe masazhojeni but\u00ebsisht n\u00eb l\u00ebkur\u00ebn e kok\u00ebs aty ku \u00ebsht\u00eb e nevojshme. Kremi \u00ebsht\u00eb mjaft i l\u00ebngsh\u00ebm, k\u00ebshtu q\u00eb nj\u00eb sasi e vog\u00ebl mjafton!<br \/>\n\u2022 P\u00ebr rezultate m\u00eb t\u00eb mira aplikoni vazhdimisht, n\u00eb m\u00ebngjes dhe n\u00eb mbr\u00ebmje, p\u00ebr aq koh\u00eb sa nevojitet.<br \/>\n\u2022 Kremi duhet t\u00eb lihet, k\u00ebshtu q\u00eb \u00ebsht\u00eb m\u00eb mir\u00eb t\u00eb lahet f\u00ebmija si normalisht dhe t\u00eb aplikohet m\u00eb pas. Mund t\u00eb aplikohet n\u00eb ball\u00eb dhe vetulla.<br \/>\n\u2022 I sigurt p\u00ebr t\u2019u p\u00ebrdorur q\u00eb nga lindja, \u00ebsht\u00eb gjithashtu i shk\u00eblqyesh\u00ebm p\u00ebr k\u00ebdo n\u00eb familje me nj\u00eb skalp t\u00eb pak\u00ebnaqur.<\/p>","protected":false},"excerpt":{"rendered":"<p>Kremi me baz\u00eb bimore \u00ebsht\u00eb i formuluar posa\u00e7\u00ebrisht p\u00ebr t\u00eb qet\u00ebsuar dhe zbutur l\u00ebkur\u00ebn e kok\u00ebs s\u00eb foshnj\u00ebs. Formula natyrale aktive ekuilibron mikroflor\u00ebn e kok\u00ebs p\u00ebr t\u00eb rivendosur nj\u00eb skalp me pamje m\u00eb t\u00eb sh\u00ebndetshme me vaj organik ushqyes t\u00eb kokosit, duke e qet\u00ebsuar me aloe vera organike dhe duke pastruar me ekstraktin e far\u00ebs s\u00eb selinos.<\/p>","protected":false},"featured_media":14464,"comment_status":"open","ping_status":"closed","template":"","meta":[],"product_brand":[],"product_cat":[251,252,250,256,268,266,344,867],"product_tag":[563],"class_list":{"0":"post-9147","1":"product","2":"type-product","3":"status-publish","4":"has-post-thumbnail","6":"product_cat-0-6-muaj","7":"product_cat-6-12-muaj","8":"product_cat-bebe","9":"product_cat-floket-trupi","10":"product_cat-floket-trupi-koha-e-larjes","11":"product_cat-koha-e-larjes","12":"product_cat-kokoso-baby","13":"product_cat-maternity","14":"product_tag-cradle-cap","16":"first","17":"instock","18":"shipping-taxable","19":"purchasable","20":"product-type-simple"},"jetpack_sharing_enabled":true,"_links":{"self":[{"href":"https:\/\/nakedearth.al\/en\/wp-json\/wp\/v2\/product\/9147","targetHints":{"allow":["GET"]}}],"collection":[{"href":"https:\/\/nakedearth.al\/en\/wp-json\/wp\/v2\/product"}],"about":[{"href":"https:\/\/nakedearth.al\/en\/wp-json\/wp\/v2\/types\/product"}],"replies":[{"embeddable":true,"href":"https:\/\/nakedearth.al\/en\/wp-json\/wp\/v2\/comments?post=9147"}],"wp:featuredmedia":[{"embeddable":true,"href":"https:\/\/nakedearth.al\/en\/wp-json\/wp\/v2\/media\/14464"}],"wp:attachment":[{"href":"https:\/\/nakedearth.al\/en\/wp-json\/wp\/v2\/media?parent=9147"}],"wp:term":[{"taxonomy":"product_brand","embeddable":true,"href":"https:\/\/nakedearth.al\/en\/wp-json\/wp\/v2\/product_brand?post=9147"},{"taxonomy":"product_cat","embeddable":true,"href":"https:\/\/nakedearth.al\/en\/wp-json\/wp\/v2\/product_cat?post=9147"},{"taxonomy":"product_tag","embeddable":true,"href":"https:\/\/nakedearth.al\/en\/wp-json\/wp\/v2\/product_tag?post=9147"}],"curies":[{"name":"wp","href":"https:\/\/api.w.org\/{rel}","templated":true}]}}