{"id":9152,"date":"2021-06-16T15:40:43","date_gmt":"2021-06-16T13:40:43","guid":{"rendered":"https:\/\/nakedearth.al\/?post_type=product&#038;p=9152"},"modified":"2026-02-14T21:45:51","modified_gmt":"2026-02-14T20:45:51","slug":"furce-per-floket","status":"publish","type":"product","link":"https:\/\/nakedearth.al\/en\/product\/furce-per-floket\/","title":{"rendered":"Fur\u00e7\u00eb p\u00ebr Flok\u00ebt"},"content":{"rendered":"<p>Fijet natyrale shp\u00ebrndajn\u00eb n\u00eb m\u00ebnyr\u00eb t\u00eb barabart\u00eb vajin natyral t\u00eb flok\u00ebve<br \/>\nLarja e but\u00eb e flok\u00ebve dhe kok\u00ebs mund t\u00eb ndihmoj\u00eb n\u00eb relaksimin e foshnj\u00ebs para gjumit<br \/>\nLarja e rregullt ndihmon n\u00eb p\u00ebrgatitjen e f\u00ebmij\u00ebve p\u00ebr nj\u00eb rutin\u00eb t\u00eb mir\u00eb t\u00eb kujdesit p\u00ebr flok\u00ebt m\u00eb von\u00eb<br \/>\nB\u00ebn p\u00ebr nj\u00eb dhurat\u00eb t\u00eb bukur p\u00ebr f\u00ebmij\u00ebn<\/p>\n<p>Si t\u00eb p\u00ebrdoret<\/p>\n<p>\u2022 P\u00ebrdorni fur\u00e7\u00ebn ton\u00eb natyrore t\u00eb foshnj\u00ebs p\u00ebr t\u00eb pastruar but\u00ebsisht flok\u00ebt e bukur t\u00eb foshnj\u00ebs dhe masazhoni but\u00ebsisht skalpet delikate, duke ndihmuar n\u00eb heqjen e thekjeve dhe l\u00ebkur\u00ebn e that\u00eb n\u00eb m\u00ebnyr\u00ebn natyrale.<br \/>\n\u2022 P\u00ebr masazhin p\u00ebrfundimtar t\u00eb kok\u00ebs, aplikoni Kokoso Baby\u00ae Organic Coconut Oil p\u00ebrpara se t\u00eb pastroni but\u00ebsisht l\u00ebkur\u00ebn e kok\u00ebs me l\u00ebvizje t\u00eb but\u00eb rrethore.<br \/>\n\u2022 Ruani n\u00eb qesen e sigurt p\u00ebr t\u00eb mbajtur fur\u00e7\u00ebn e foshnj\u00ebs tuaj pa pluhur.<\/p>","protected":false},"excerpt":{"rendered":"<p>P\u00ebr foshnjat dhe f\u00ebmij\u00ebt e vegj\u00ebl, fur\u00e7a natyrale \u00ebsht\u00eb b\u00ebr\u00eb nga druri i ahut me cil\u00ebsi t\u00eb lart\u00eb dhe nga burim I q\u00ebndruesh\u00ebm. Ajo vjen me nj\u00eb qese mbrojt\u00ebse super t\u00eb lezetshme p\u00ebr t\u00eb mbajtur larg pluhurin, t\u00eb b\u00ebr\u00eb nga fibra natyrale t\u00eb jut\u00ebs.<\/p>","protected":false},"featured_media":9130,"comment_status":"open","ping_status":"closed","template":"","meta":[],"product_brand":[],"product_cat":[251,252,250,294,256,344,867],"product_tag":[563],"class_list":{"0":"post-9152","1":"product","2":"type-product","3":"status-publish","4":"has-post-thumbnail","6":"product_cat-0-6-muaj","7":"product_cat-6-12-muaj","8":"product_cat-bebe","9":"product_cat-dhurata","10":"product_cat-floket-trupi","11":"product_cat-kokoso-baby","12":"product_cat-maternity","13":"product_tag-cradle-cap","15":"first","16":"instock","17":"shipping-taxable","18":"purchasable","19":"product-type-simple"},"jetpack_sharing_enabled":true,"_links":{"self":[{"href":"https:\/\/nakedearth.al\/en\/wp-json\/wp\/v2\/product\/9152","targetHints":{"allow":["GET"]}}],"collection":[{"href":"https:\/\/nakedearth.al\/en\/wp-json\/wp\/v2\/product"}],"about":[{"href":"https:\/\/nakedearth.al\/en\/wp-json\/wp\/v2\/types\/product"}],"replies":[{"embeddable":true,"href":"https:\/\/nakedearth.al\/en\/wp-json\/wp\/v2\/comments?post=9152"}],"wp:featuredmedia":[{"embeddable":true,"href":"https:\/\/nakedearth.al\/en\/wp-json\/wp\/v2\/media\/9130"}],"wp:attachment":[{"href":"https:\/\/nakedearth.al\/en\/wp-json\/wp\/v2\/media?parent=9152"}],"wp:term":[{"taxonomy":"product_brand","embeddable":true,"href":"https:\/\/nakedearth.al\/en\/wp-json\/wp\/v2\/product_brand?post=9152"},{"taxonomy":"product_cat","embeddable":true,"href":"https:\/\/nakedearth.al\/en\/wp-json\/wp\/v2\/product_cat?post=9152"},{"taxonomy":"product_tag","embeddable":true,"href":"https:\/\/nakedearth.al\/en\/wp-json\/wp\/v2\/product_tag?post=9152"}],"curies":[{"name":"wp","href":"https:\/\/api.w.org\/{rel}","templated":true}]}}