{"id":9153,"date":"2021-06-16T15:41:31","date_gmt":"2021-06-16T13:41:31","guid":{"rendered":"https:\/\/nakedearth.al\/?post_type=product&#038;p=9153"},"modified":"2026-02-14T21:45:34","modified_gmt":"2026-02-14T20:45:34","slug":"sfungjer-konjac","status":"publish","type":"product","link":"https:\/\/nakedearth.al\/en\/product\/sfungjer-konjac\/","title":{"rendered":"Sfungjer Konjac"},"content":{"rendered":"<p>B\u00ebr\u00eb nga fijet bimore t\u00eb cil\u00ebsis\u00eb m\u00eb t\u00eb lart\u00eb<br \/>\nPastron but\u00eb nd\u00ebrsa b\u00ebni masazh<br \/>\nL\u00eb l\u00ebkur\u00ebn t\u00eb ndihet e hidtratuar natyrsh\u00ebm<br \/>\nNdihmon n\u00eb ekuilibrimin e pH t\u00eb l\u00ebkur\u00ebs<br \/>\nP\u00ebrmban veti natyrore antioksiduese<br \/>\nFibrat bimore 100% natyrale, t\u00eb biodegradueshme, t\u00eb q\u00ebndrueshme<\/p>\n<p>Si t\u00eb p\u00ebrdorni<\/p>\n<p>\u2022 Futeni n\u00eb uj\u00eb t\u00eb ngroht\u00eb dhe shtypni disa her\u00eb derisa t\u00eb b\u00ebhet i but\u00eb<br \/>\n\u2022 Masazhoni but\u00eb me l\u00ebvizje rrethore n\u00eb l\u00ebkur\u00ebn dhe l\u00ebkur\u00ebn e kok\u00ebs s\u00eb foshnj\u00ebs<br \/>\n\u2022 Shp\u00eblajeni dhe shtypni but\u00ebsisht p\u00ebr t\u00eb hequr ujin e tep\u00ebrt<br \/>\n\u2022 Mbajeni n\u00eb aj\u00ebr t\u00eb that\u00eb midis p\u00ebrdorimeve<br \/>\n\u2022 P\u00ebr rezultate m\u00eb t\u00eb mira, z\u00ebvend\u00ebsoni \u00e7do 1-3 muaj<\/p>","protected":false},"excerpt":{"rendered":"<p>Sfungjeri natyral p\u00ebr foshnje \u00ebsht\u00eb b\u00ebr\u00eb nga 100% Konjac i past\u00ebr. Fijet bimore tep\u00ebr t\u00eb buta, t\u00eb biodegradueshme e l\u00ebn\u00eb l\u00ebkur\u00ebn delikate t\u00eb past\u00ebr, t\u00eb lumtur dhe t\u00eb fresk\u00ebt.<\/p>","protected":false},"featured_media":9134,"comment_status":"open","ping_status":"closed","template":"","meta":[],"product_brand":[],"product_cat":[251,252,269,250,268,266,344,867],"product_tag":[],"class_list":{"0":"post-9153","1":"product","2":"type-product","3":"status-publish","4":"has-post-thumbnail","6":"product_cat-0-6-muaj","7":"product_cat-6-12-muaj","8":"product_cat-aksesore-larjeje","9":"product_cat-bebe","10":"product_cat-floket-trupi-koha-e-larjes","11":"product_cat-koha-e-larjes","12":"product_cat-kokoso-baby","13":"product_cat-maternity","15":"first","16":"instock","17":"shipping-taxable","18":"purchasable","19":"product-type-simple"},"jetpack_sharing_enabled":true,"_links":{"self":[{"href":"https:\/\/nakedearth.al\/en\/wp-json\/wp\/v2\/product\/9153","targetHints":{"allow":["GET"]}}],"collection":[{"href":"https:\/\/nakedearth.al\/en\/wp-json\/wp\/v2\/product"}],"about":[{"href":"https:\/\/nakedearth.al\/en\/wp-json\/wp\/v2\/types\/product"}],"replies":[{"embeddable":true,"href":"https:\/\/nakedearth.al\/en\/wp-json\/wp\/v2\/comments?post=9153"}],"wp:featuredmedia":[{"embeddable":true,"href":"https:\/\/nakedearth.al\/en\/wp-json\/wp\/v2\/media\/9134"}],"wp:attachment":[{"href":"https:\/\/nakedearth.al\/en\/wp-json\/wp\/v2\/media?parent=9153"}],"wp:term":[{"taxonomy":"product_brand","embeddable":true,"href":"https:\/\/nakedearth.al\/en\/wp-json\/wp\/v2\/product_brand?post=9153"},{"taxonomy":"product_cat","embeddable":true,"href":"https:\/\/nakedearth.al\/en\/wp-json\/wp\/v2\/product_cat?post=9153"},{"taxonomy":"product_tag","embeddable":true,"href":"https:\/\/nakedearth.al\/en\/wp-json\/wp\/v2\/product_tag?post=9153"}],"curies":[{"name":"wp","href":"https:\/\/api.w.org\/{rel}","templated":true}]}}