{"id":9154,"date":"2021-06-16T15:42:36","date_gmt":"2021-06-16T13:42:36","guid":{"rendered":"https:\/\/nakedearth.al\/?post_type=product&#038;p=9154"},"modified":"2026-02-14T21:48:32","modified_gmt":"2026-02-14T20:48:32","slug":"shampo-per-floket-dhe-trupin","status":"publish","type":"product","link":"https:\/\/nakedearth.al\/en\/product\/shampo-per-floket-dhe-trupin\/","title":{"rendered":"Shampo p\u00ebr Flok\u00ebt dhe Trupin"},"content":{"rendered":"<h2>Kokoso Baby\u00ae &#8211; Shampo p\u00ebr Flok\u00ebt dhe Trupin<\/h2>\n<h3>Karakteristikat:<\/h3>\n<p>Ultra-but\u00eb, miq\u00ebsor vegan dhe pH i ekuilibruar<br \/>\n80% organike<br \/>\nPaketuar me p\u00ebrb\u00ebr\u00ebs t\u00eb dobish\u00ebm me baz\u00eb bimore<br \/>\nTestuar dermatologjikisht dhe pediat\u00ebr i aprovuar<br \/>\nI sigurt q\u00eb nga lindja<br \/>\nI p\u00ebrshtatsh\u00ebm p\u00ebr l\u00ebkur\u00eb t\u00eb ndjeshme dhe t\u00eb prirur p\u00ebr ekzem\u00eb<br \/>\nPaketim i q\u00ebndruesh\u00ebm &#8211; shishe t\u00eb ricikluara dhe t\u00eb riciklueshme pas konsumit<\/p>\n<h3>Si t\u00eb p\u00ebrdorni<\/h3>\n<p>\u2022 Mund t\u00eb p\u00ebrdoret si shampo dhe larje trupi p\u00ebr foshnje dhe f\u00ebmij\u00eb.<br \/>\n\u2022 Shtypeni pomp\u00ebn, pastroni dhe lani but\u00eb.<br \/>\n\u2022 P\u00ebr t\u00eb krijuar flluska m\u00eb t\u00eb m\u00ebdha, shtoni m\u00eb shum\u00eb uj\u00eb n\u00eb duart tuaja.<br \/>\n\u2022 Shp\u00ebrlaheni mir\u00eb.<\/p>\n<h4>P\u00ebrb\u00ebr\u00ebsit:<\/h4>\n<p>Arr\u00eb kokosi natyral:<br \/>\n\u2022 80% organike, 98% e prejardhur nga natyra, 100% e llojit t\u00eb l\u00ebkur\u00ebs.<\/p>\n<p>L\u00ebng gjethesh Aloe Barbadensis (Aloe Vera), vaj Cocos Nucifera (kokosit), natriumi Lauroyl Glutamate, glicerin\u00eb perimesh, kokosi-betain\u00eb, metilpropanediol, \u00e7am\u00e7ak\u00ebz Xanthan, alkool benzil, parfum (100% natyror dhe pa alergjen), kapsol\u00eb kapri\u00e7i Acid, Tokoferol (Vitamin\u00eb E), Fenilpropanol, Acid Dehidroacetik.&#8221;<\/p>\n<p>&nbsp;<\/p>","protected":false},"excerpt":{"rendered":"<p>Shampo e flok\u00ebve dhe trupit p\u00ebrmban nj\u00eb vaj t\u00eb fuqish\u00ebm organik 10% hidratues t\u00eb kokosit, t\u00eb p\u00ebrzier me aloe vera qet\u00ebsuese dhe flluska me baz\u00eb kokosi. Formula e but\u00eb krem \u200b\u200bpastron but\u00ebsisht l\u00ebkur\u00ebn delikate, qet\u00ebson l\u00ebkur\u00ebn e kok\u00ebs dhe ushqen flok\u00ebt nga rr\u00ebnja deri n\u00eb maj\u00eb.<\/p>","protected":false},"featured_media":11015,"comment_status":"open","ping_status":"closed","template":"","meta":[],"product_brand":[],"product_cat":[251,253,252,250,256,268,257,266,344,254,867],"product_tag":[548,425],"class_list":{"0":"post-9154","1":"product","2":"type-product","3":"status-publish","4":"has-post-thumbnail","6":"product_cat-0-6-muaj","7":"product_cat-12-muaj","8":"product_cat-6-12-muaj","9":"product_cat-bebe","10":"product_cat-floket-trupi","11":"product_cat-floket-trupi-koha-e-larjes","12":"product_cat-higjena-personale","13":"product_cat-koha-e-larjes","14":"product_cat-kokoso-baby","15":"product_cat-kryesore","16":"product_cat-maternity","17":"product_tag-kokoso","18":"product_tag-skincare","20":"first","21":"instock","22":"shipping-taxable","23":"purchasable","24":"product-type-variable"},"jetpack_sharing_enabled":true,"_links":{"self":[{"href":"https:\/\/nakedearth.al\/en\/wp-json\/wp\/v2\/product\/9154","targetHints":{"allow":["GET"]}}],"collection":[{"href":"https:\/\/nakedearth.al\/en\/wp-json\/wp\/v2\/product"}],"about":[{"href":"https:\/\/nakedearth.al\/en\/wp-json\/wp\/v2\/types\/product"}],"replies":[{"embeddable":true,"href":"https:\/\/nakedearth.al\/en\/wp-json\/wp\/v2\/comments?post=9154"}],"wp:featuredmedia":[{"embeddable":true,"href":"https:\/\/nakedearth.al\/en\/wp-json\/wp\/v2\/media\/11015"}],"wp:attachment":[{"href":"https:\/\/nakedearth.al\/en\/wp-json\/wp\/v2\/media?parent=9154"}],"wp:term":[{"taxonomy":"product_brand","embeddable":true,"href":"https:\/\/nakedearth.al\/en\/wp-json\/wp\/v2\/product_brand?post=9154"},{"taxonomy":"product_cat","embeddable":true,"href":"https:\/\/nakedearth.al\/en\/wp-json\/wp\/v2\/product_cat?post=9154"},{"taxonomy":"product_tag","embeddable":true,"href":"https:\/\/nakedearth.al\/en\/wp-json\/wp\/v2\/product_tag?post=9154"}],"curies":[{"name":"wp","href":"https:\/\/api.w.org\/{rel}","templated":true}]}}