{"id":9155,"date":"2021-06-16T15:43:34","date_gmt":"2021-06-16T13:43:34","guid":{"rendered":"https:\/\/nakedearth.al\/?post_type=product&#038;p=9155"},"modified":"2026-02-14T21:47:05","modified_gmt":"2026-02-14T20:47:05","slug":"locion-hidratues","status":"publish","type":"product","link":"https:\/\/nakedearth.al\/en\/product\/locion-hidratues\/","title":{"rendered":"Locion Hidratues"},"content":{"rendered":"<p>Formula natyrale aktive hidraton dhe zbut<br \/>\n99% natyral<br \/>\nTestuar dermatologjikisht<br \/>\nI sigurt p\u00ebr t\u00eb sapolindurit dhe lart<br \/>\nI p\u00ebrshtatsh\u00ebm p\u00ebr l\u00ebkur\u00eb t\u00eb ndjeshme dhe t\u00eb prirur p\u00ebr ekzem\u00eb<br \/>\nShishe t\u00eb riciklueshme<br \/>\nVegan-miq\u00ebsor dhe pa mizori<\/p>\n<p>Aroma e but\u00eb e kokosit, e krijuar ekskluzivisht n\u00eb Zvic\u00ebr, \u00ebsht\u00eb 100% natyrale dhe nuk p\u00ebrmban asnj\u00eb nga 26 alergjen\u00eb t\u00eb ndotur n\u00eb Rregulloret Evropiane.<\/p>\n<p>Si t\u00eb p\u00ebrdorni<\/p>\n<p>\u2022 Shtyjeni pomp\u00ebn p\u00ebr t\u00eb l\u00ebshuar locion n\u00eb duar. L\u00ebmoni but\u00ebsisht l\u00ebkur\u00ebn n\u00eb fytyr\u00eb ose trup.<br \/>\n\u2022 Vendoseni dy her\u00eb n\u00eb dit\u00eb p\u00ebr ta mbajtur l\u00ebkur\u00ebn t\u00eb hidratuar dhe t\u00eb but\u00eb<\/p>","protected":false},"excerpt":{"rendered":"<p>Locioni me vaj kokosi sjell hidtratim t\u00eb menj\u00ebhersh\u00ebm dhe qet\u00ebsues n\u00eb l\u00ebkur\u00ebn e f\u00ebmij\u00ebs tuaj me p\u00ebrb\u00ebr\u00ebs t\u00eb past\u00ebr dhe t\u00eb but\u00eb me baz\u00eb bimore. Vajrat organik\u00eb t\u00eb kokosit dhe bajames s\u00eb \u00ebmb\u00ebl zbusin dhe ushqejn\u00eb, nd\u00ebrsa sheqernat natyrore t\u00eb bim\u00ebve forcojn\u00eb n\u00eb m\u00ebnyr\u00eb aktive funksionin e barrier\u00ebs s\u00eb l\u00ebkur\u00ebs p\u00ebr t\u00eb mbajtur lag\u00ebshtin\u00eb jet\u00ebsore.<\/p>","protected":false},"featured_media":9133,"comment_status":"open","ping_status":"closed","template":"","meta":[],"product_brand":[],"product_cat":[251,253,252,256,344,255,867],"product_tag":[548,425],"class_list":{"0":"post-9155","1":"product","2":"type-product","3":"status-publish","4":"has-post-thumbnail","6":"product_cat-0-6-muaj","7":"product_cat-12-muaj","8":"product_cat-6-12-muaj","9":"product_cat-floket-trupi","10":"product_cat-kokoso-baby","11":"product_cat-lekura-higjena","12":"product_cat-maternity","13":"product_tag-kokoso","14":"product_tag-skincare","16":"first","17":"instock","18":"shipping-taxable","19":"purchasable","20":"product-type-variable"},"jetpack_sharing_enabled":true,"_links":{"self":[{"href":"https:\/\/nakedearth.al\/en\/wp-json\/wp\/v2\/product\/9155","targetHints":{"allow":["GET"]}}],"collection":[{"href":"https:\/\/nakedearth.al\/en\/wp-json\/wp\/v2\/product"}],"about":[{"href":"https:\/\/nakedearth.al\/en\/wp-json\/wp\/v2\/types\/product"}],"replies":[{"embeddable":true,"href":"https:\/\/nakedearth.al\/en\/wp-json\/wp\/v2\/comments?post=9155"}],"wp:featuredmedia":[{"embeddable":true,"href":"https:\/\/nakedearth.al\/en\/wp-json\/wp\/v2\/media\/9133"}],"wp:attachment":[{"href":"https:\/\/nakedearth.al\/en\/wp-json\/wp\/v2\/media?parent=9155"}],"wp:term":[{"taxonomy":"product_brand","embeddable":true,"href":"https:\/\/nakedearth.al\/en\/wp-json\/wp\/v2\/product_brand?post=9155"},{"taxonomy":"product_cat","embeddable":true,"href":"https:\/\/nakedearth.al\/en\/wp-json\/wp\/v2\/product_cat?post=9155"},{"taxonomy":"product_tag","embeddable":true,"href":"https:\/\/nakedearth.al\/en\/wp-json\/wp\/v2\/product_tag?post=9155"}],"curies":[{"name":"wp","href":"https:\/\/api.w.org\/{rel}","templated":true}]}}