{"id":9156,"date":"2021-06-16T15:44:45","date_gmt":"2021-06-16T13:44:45","guid":{"rendered":"https:\/\/nakedearth.al\/?post_type=product&#038;p=9156"},"modified":"2026-02-14T21:44:08","modified_gmt":"2026-02-14T20:44:08","slug":"set-coconut-bathtime","status":"publish","type":"product","link":"https:\/\/nakedearth.al\/en\/product\/set-coconut-bathtime\/","title":{"rendered":"Set Coconut Bathtime"},"content":{"rendered":"<p>\u00c7far\u00eb ka brenda:<\/p>\n<p>Shampo p\u00ebr flok\u00ebt dhe trupin 200ml<\/p>\n<p>Shampo e flok\u00ebve dhe trupit p\u00ebrmban nj\u00eb vaj t\u00eb fuqish\u00ebm organik 10% hidratues t\u00eb kokosit, t\u00eb p\u00ebrzier me aloe vera qet\u00ebsuese dhe flluska me baz\u00eb kokosi. Formula e but\u00eb krem \u200b\u200bpastron but\u00ebsisht l\u00ebkur\u00ebn delikate, qet\u00ebson l\u00ebkur\u00ebn e kok\u00ebs dhe ushqen flok\u00ebt nga rr\u00ebnja deri n\u00eb maj\u00eb.<\/p>\n<p>Locion hidratues 190ml<\/p>\n<p>Locioni me vaj kokosi sjell hidtratim t\u00eb menj\u00ebhersh\u00ebm dhe qet\u00ebsues n\u00eb l\u00ebkur\u00ebn e f\u00ebmij\u00ebs tuaj me p\u00ebrb\u00ebr\u00ebs t\u00eb past\u00ebr dhe t\u00eb but\u00eb me baz\u00eb bimore. Vajrat organik\u00eb t\u00eb kokosit dhe bajames s\u00eb \u00ebmb\u00ebl zbusin dhe ushqejn\u00eb, nd\u00ebrsa sheqernat natyrore t\u00eb bim\u00ebve forcojn\u00eb n\u00eb m\u00ebnyr\u00eb aktive funksionin e barrier\u00ebs s\u00eb l\u00ebkur\u00ebs p\u00ebr t\u00eb mbajtur lag\u00ebshtin\u00eb jet\u00ebsore.<\/p>\n<p>Sfungjeri Konjac<\/p>\n<p>Sfungjeri natyral p\u00ebr foshnje \u00ebsht\u00eb b\u00ebr\u00eb nga 100% Konjac i past\u00ebr. Fijet bimore tep\u00ebr t\u00eb buta, t\u00eb biodegradueshme e l\u00ebn\u00eb l\u00ebkur\u00ebn delikate t\u00eb past\u00ebr, t\u00eb lumtur dhe t\u00eb fresk\u00ebt.<\/p>\n<p>&nbsp;<\/p>","protected":false},"excerpt":{"rendered":"<p>Arr\u00eb kokosi e past\u00ebr dhe e \u00ebmb\u00ebl, seti Coconut Bathtime p\u00ebrmban tre produkte natyrisht ushqyese n\u00eb nj\u00eb kuti dhuratash t\u00eb modeluar bukur. T\u00eb b\u00ebra me dashuri me vaj organik premium t\u00eb kokosit dhe aromatizuar delikatesisht me arom\u00eb 100% natyrale pa alergjen, k\u00ebto produkte t\u00eb vler\u00ebsuara me \u00e7mime e l\u00ebn\u00eb l\u00ebkur\u00ebn e foshnj\u00ebs t\u00eb fresk\u00ebt, t\u00eb but\u00eb dhe me arom\u00eb hyjnore.<\/p>","protected":false},"featured_media":16156,"comment_status":"open","ping_status":"closed","template":"","meta":[],"product_brand":[],"product_cat":[251,253,252,294,256,268,266,344,255],"product_tag":[],"class_list":{"0":"post-9156","1":"product","2":"type-product","3":"status-publish","4":"has-post-thumbnail","6":"product_cat-0-6-muaj","7":"product_cat-12-muaj","8":"product_cat-6-12-muaj","9":"product_cat-dhurata","10":"product_cat-floket-trupi","11":"product_cat-floket-trupi-koha-e-larjes","12":"product_cat-koha-e-larjes","13":"product_cat-kokoso-baby","14":"product_cat-lekura-higjena","16":"first","17":"instock","18":"shipping-taxable","19":"purchasable","20":"product-type-simple"},"jetpack_sharing_enabled":true,"_links":{"self":[{"href":"https:\/\/nakedearth.al\/en\/wp-json\/wp\/v2\/product\/9156","targetHints":{"allow":["GET"]}}],"collection":[{"href":"https:\/\/nakedearth.al\/en\/wp-json\/wp\/v2\/product"}],"about":[{"href":"https:\/\/nakedearth.al\/en\/wp-json\/wp\/v2\/types\/product"}],"replies":[{"embeddable":true,"href":"https:\/\/nakedearth.al\/en\/wp-json\/wp\/v2\/comments?post=9156"}],"wp:featuredmedia":[{"embeddable":true,"href":"https:\/\/nakedearth.al\/en\/wp-json\/wp\/v2\/media\/16156"}],"wp:attachment":[{"href":"https:\/\/nakedearth.al\/en\/wp-json\/wp\/v2\/media?parent=9156"}],"wp:term":[{"taxonomy":"product_brand","embeddable":true,"href":"https:\/\/nakedearth.al\/en\/wp-json\/wp\/v2\/product_brand?post=9156"},{"taxonomy":"product_cat","embeddable":true,"href":"https:\/\/nakedearth.al\/en\/wp-json\/wp\/v2\/product_cat?post=9156"},{"taxonomy":"product_tag","embeddable":true,"href":"https:\/\/nakedearth.al\/en\/wp-json\/wp\/v2\/product_tag?post=9156"}],"curies":[{"name":"wp","href":"https:\/\/api.w.org\/{rel}","templated":true}]}}