{"id":9157,"date":"2021-06-16T15:50:39","date_gmt":"2021-06-16T13:50:39","guid":{"rendered":"https:\/\/nakedearth.al\/?post_type=product&#038;p=9157"},"modified":"2026-02-14T21:43:47","modified_gmt":"2026-02-14T20:43:47","slug":"set-sensitive-scalp","status":"publish","type":"product","link":"https:\/\/nakedearth.al\/en\/product\/set-sensitive-scalp\/","title":{"rendered":"Set Sensitive Scalp"},"content":{"rendered":"<p>Ky set i bukur p\u00ebrmban tre produkte natyral\u00eb t\u00eb vler\u00ebsuar me \u00e7mime t\u00eb dizajnuara p\u00ebr t\u00eb balancuar mikroflor\u00ebn e kok\u00ebs s\u00eb foshnj\u00ebs me p\u00ebrb\u00ebr\u00ebs t\u00eb but\u00eb. Vaji organik i kokosit rikthen hidtratimin, aloe vera organike qet\u00ebson acarimin dhe ekstrakti natyrisht aktiv i far\u00ebs s\u00eb selinos zvog\u00eblon prodhimin e sebumit.<\/p>\n<p>\u00c7far\u00eb ka brenda:<\/p>\n<p>Vaj Organik &#8211; 70g<\/p>\n<p>Mbajeni l\u00ebkur\u00ebn delikate t\u00eb but\u00eb me Kokoso Baby\u00ae, t\u00eb mbushur me l\u00ebnd\u00eb ushqyese, qet\u00ebsuese natyrore dhe acide yndyrore q\u00eb e duan l\u00ebkur\u00ebn, ky vaj \u00e7udib\u00ebr\u00ebs me shum\u00eb funksione do t\u00eb kujdeset dhe mbroj\u00eb l\u00ebkur\u00ebn e familjes suaj n\u00eb shum\u00eb m\u00ebnyra t\u00eb ndryshme.<\/p>\n<p>Happy Scalp \u2122 (25ml)<\/p>\n<p>Kremi me baz\u00eb bimore \u00ebsht\u00eb i formuluar posa\u00e7\u00ebrisht p\u00ebr t\u00eb qet\u00ebsuar dhe zbutur l\u00ebkur\u00ebn e kok\u00ebs s\u00eb foshnj\u00ebs. Formula natyrale aktive ekuilibron mikroflor\u00ebn e kok\u00ebs p\u00ebr t\u00eb rivendosur nj\u00eb skalp me pamje m\u00eb t\u00eb sh\u00ebndetshme me vaj organik ushqyes t\u00eb kokosit, duke e qet\u00ebsuar me aloe vera organike dhe duke pastruar me ekstraktin e far\u00ebs s\u00eb selinos.<\/p>\n<p>Fur\u00e7\u00eb Natyrale<\/p>\n<p>P\u00ebr foshnjat dhe f\u00ebmij\u00ebt e vegj\u00ebl, fur\u00e7a natyrale \u00ebsht\u00eb b\u00ebr\u00eb nga druri i ahut me cil\u00ebsi t\u00eb lart\u00eb dhe nga burim I q\u00ebndruesh\u00ebm. Ajo vjen me nj\u00eb qese mbrojt\u00ebse super t\u00eb lezetshme p\u00ebr t\u00eb mbajtur larg pluhurin, t\u00eb b\u00ebr\u00eb nga fibra natyrale t\u00eb jut\u00ebs.<\/p>\n<p>&nbsp;<\/p>","protected":false},"excerpt":{"rendered":"<p>Njihuni me setin t\u00eb krijuar posa\u00e7\u00ebrisht p\u00ebr t\u00eb mbajtur kok\u00ebn e vog\u00ebl t\u00eb p\u00ebrk\u00ebdhelur dhe t\u00eb past\u00ebr. Skalpi i foshnj\u00ebs \u00ebsht\u00eb nj\u00eb nga zonat m\u00eb t\u00eb ndjeshme t\u00eb l\u00ebkur\u00ebs s\u00eb tyre delikate, por shpesh neglizhohet derisa acarimi ose that\u00ebsia t\u00eb godasin.<\/p>","protected":false},"featured_media":16153,"comment_status":"open","ping_status":"closed","template":"","meta":[],"product_brand":[],"product_cat":[251,253,252,269,294,256,268,257,266,344],"product_tag":[563],"class_list":{"0":"post-9157","1":"product","2":"type-product","3":"status-publish","4":"has-post-thumbnail","6":"product_cat-0-6-muaj","7":"product_cat-12-muaj","8":"product_cat-6-12-muaj","9":"product_cat-aksesore-larjeje","10":"product_cat-dhurata","11":"product_cat-floket-trupi","12":"product_cat-floket-trupi-koha-e-larjes","13":"product_cat-higjena-personale","14":"product_cat-koha-e-larjes","15":"product_cat-kokoso-baby","16":"product_tag-cradle-cap","18":"first","19":"outofstock","20":"shipping-taxable","21":"purchasable","22":"product-type-simple"},"jetpack_sharing_enabled":true,"_links":{"self":[{"href":"https:\/\/nakedearth.al\/en\/wp-json\/wp\/v2\/product\/9157","targetHints":{"allow":["GET"]}}],"collection":[{"href":"https:\/\/nakedearth.al\/en\/wp-json\/wp\/v2\/product"}],"about":[{"href":"https:\/\/nakedearth.al\/en\/wp-json\/wp\/v2\/types\/product"}],"replies":[{"embeddable":true,"href":"https:\/\/nakedearth.al\/en\/wp-json\/wp\/v2\/comments?post=9157"}],"wp:featuredmedia":[{"embeddable":true,"href":"https:\/\/nakedearth.al\/en\/wp-json\/wp\/v2\/media\/16153"}],"wp:attachment":[{"href":"https:\/\/nakedearth.al\/en\/wp-json\/wp\/v2\/media?parent=9157"}],"wp:term":[{"taxonomy":"product_brand","embeddable":true,"href":"https:\/\/nakedearth.al\/en\/wp-json\/wp\/v2\/product_brand?post=9157"},{"taxonomy":"product_cat","embeddable":true,"href":"https:\/\/nakedearth.al\/en\/wp-json\/wp\/v2\/product_cat?post=9157"},{"taxonomy":"product_tag","embeddable":true,"href":"https:\/\/nakedearth.al\/en\/wp-json\/wp\/v2\/product_tag?post=9157"}],"curies":[{"name":"wp","href":"https:\/\/api.w.org\/{rel}","templated":true}]}}