{"id":9274,"date":"2021-06-19T11:15:56","date_gmt":"2021-06-19T09:15:56","guid":{"rendered":"https:\/\/nakedearth.al\/?post_type=product&#038;p=9274"},"modified":"2026-02-26T02:44:00","modified_gmt":"2026-02-26T01:44:00","slug":"newborn-comfort-cushion","status":"publish","type":"product","link":"https:\/\/nakedearth.al\/en\/product\/newborn-comfort-cushion\/","title":{"rendered":"Newborn Comfort Cushion"},"content":{"rendered":"<p>Jast\u00ebku mban vog\u00eblushin tuaj but\u00ebsisht, por t\u00eb sigurt n\u00eb barkun e tij, nd\u00ebrsa dridhjet dhe tingujt qet\u00ebsues t\u00eb rrahjeve t\u00eb zemr\u00ebs s\u00eb nj\u00eb n\u00ebne u jep atyre ndjesin\u00eb e kthimit n\u00eb bark. Mund t\u00eb p\u00ebrdoret gjithashtu n\u00eb nj\u00eb sip\u00ebrfaqe q\u00eb nuk rr\u00ebshqet, pa u bashkangjitur n\u00eb nj\u00eb karrige l\u00ebkund\u00ebse.<\/p>\n<p>Edhe pse \u00ebsht\u00eb i p\u00ebrshtatsh\u00ebm nga t\u00eb porsalindurit deri n\u00eb 6 muaj, ne kemi zbuluar se foshnjat e porsalindura e duan at\u00eb m\u00eb shum\u00eb!<\/p>\n<p>P\u00eblhur\u00eb Lux-Velor<br \/>\nK\u00ebll\u00ebf q\u0113 mund t\u00eb hiqet dhe t\u00eb lahet leht\u00eb (larja e makin\u00ebs n\u00eb 30 grad\u00eb)<br \/>\nP\u00ebrb\u00ebrje shkume p\u00ebr frym\u00ebmarrje me qeliza t\u00eb hapura<br \/>\nTipar inovator i rrahjeve t\u00eb zemr\u00ebs s\u00eb n\u00ebn\u00ebs<br \/>\nParzmore me 5 pika<br \/>\nBashkangjitet n\u00eb m\u00ebnyr\u00eb t\u00eb sigurt me karrige l\u00ebkund\u00ebse<br \/>\nBashkangjitet n\u00eb m\u00ebnyr\u00eb t\u00eb sigurt me l\u00ebkund\u00ebsen ergonomike t\u00eb Babocush<br \/>\nI p\u00ebrshtatsh\u00ebm p\u00ebr foshnje nga t\u00eb porsalindurit deri n\u00eb 6 muajsh ose 9,5 kg<br \/>\nP\u00ebrdoreni n\u00eb nj\u00eb sip\u00ebrfaqe jo t\u00eb rr\u00ebshqitshme ose ngjiteni n\u00eb Babocush Bouncer<\/p>","protected":false},"excerpt":{"rendered":"<p>Jast\u00ebku Babocush Comfort \u00ebsht\u00eb dizenjuar nga nj\u00eb mama, p\u00ebr ato raste kur ju duhen nj\u00eb pal\u00eb duar shtes\u00eb p\u00ebr t\u00eb qet\u00ebsuar foshnj\u00ebn tuaj dhe asnj\u00eb nuk \u00ebsht\u00eb n\u00eb dispozicion. \u00cbsht\u00eb nj\u00eb dyshek me shkum\u00eb n\u00eb form\u00eb q\u00eb i bashkohet Babocush Ergonomic Bouncer ose pothuajse \u00e7do karrige l\u00ebkund\u00ebse tjet\u00ebr, n\u00eb nj\u00eb k\u00ebnd q\u00eb simulon pozicionin e vendosjes n\u00eb gjoksin e nj\u00eb prindi.<\/p>","protected":false},"featured_media":9265,"comment_status":"open","ping_status":"closed","template":"","meta":[],"product_brand":[],"product_cat":[251,382,274],"product_tag":[403,404,405],"class_list":{"0":"post-9274","1":"product","2":"type-product","3":"status-publish","4":"has-post-thumbnail","6":"product_cat-0-6-muaj","7":"product_cat-babocush","8":"product_cat-jastek","9":"product_tag-babocush","10":"product_tag-bebe","11":"product_tag-perkujdesje","13":"first","14":"instock","15":"sale","16":"shipping-taxable","17":"purchasable","18":"product-type-simple"},"jetpack_sharing_enabled":true,"_links":{"self":[{"href":"https:\/\/nakedearth.al\/en\/wp-json\/wp\/v2\/product\/9274","targetHints":{"allow":["GET"]}}],"collection":[{"href":"https:\/\/nakedearth.al\/en\/wp-json\/wp\/v2\/product"}],"about":[{"href":"https:\/\/nakedearth.al\/en\/wp-json\/wp\/v2\/types\/product"}],"replies":[{"embeddable":true,"href":"https:\/\/nakedearth.al\/en\/wp-json\/wp\/v2\/comments?post=9274"}],"wp:featuredmedia":[{"embeddable":true,"href":"https:\/\/nakedearth.al\/en\/wp-json\/wp\/v2\/media\/9265"}],"wp:attachment":[{"href":"https:\/\/nakedearth.al\/en\/wp-json\/wp\/v2\/media?parent=9274"}],"wp:term":[{"taxonomy":"product_brand","embeddable":true,"href":"https:\/\/nakedearth.al\/en\/wp-json\/wp\/v2\/product_brand?post=9274"},{"taxonomy":"product_cat","embeddable":true,"href":"https:\/\/nakedearth.al\/en\/wp-json\/wp\/v2\/product_cat?post=9274"},{"taxonomy":"product_tag","embeddable":true,"href":"https:\/\/nakedearth.al\/en\/wp-json\/wp\/v2\/product_tag?post=9274"}],"curies":[{"name":"wp","href":"https:\/\/api.w.org\/{rel}","templated":true}]}}