{"id":9275,"date":"2021-06-19T11:19:30","date_gmt":"2021-06-19T09:19:30","guid":{"rendered":"https:\/\/nakedearth.al\/?post_type=product&#038;p=9275"},"modified":"2024-11-20T12:06:12","modified_gmt":"2024-11-20T11:06:12","slug":"bouncer","status":"publish","type":"product","link":"https:\/\/nakedearth.al\/en\/product\/bouncer\/","title":{"rendered":"Bouncer"},"content":{"rendered":"<p>L\u00ebkundja natyrale qet\u00ebson dhe rehaton<br \/>\nDizajn ergonomik dhe mb\u00ebshtetje optimale p\u00ebr beben tuaj<br \/>\nMbules\u00eb e kthyeshme p\u00ebr t&#8217;u kthyer n\u00eb karrige<br \/>\nMund t\u00eb paloset dhe pesh\u00eb e leht\u00eb<br \/>\nP\u00eblhur\u00eb e but\u00eb dhe mb\u00ebshtet\u00ebse, e leht\u00eb p\u00ebr tu hequr, q\u00eb mund t\u00eb lahet n\u00eb lavatri\u00e7e, dhe lejon ajrosje nga materiali luksoze dysh<br \/>\nRrjet\u00eb e fort\u00eb strukturore p\u00ebr t\u00eb forcuar mb\u00ebshtetjen e shpin\u00ebs kur shnd\u00ebrrohet n\u00eb karrige<br \/>\n3 pozicione t\u00eb mb\u00ebshtetur<br \/>\nI p\u00ebrshtatsh\u00ebm nga i porsalinduri deri n\u00eb 2 vje\u00e7<br \/>\nNuk ka nevoj\u00eb p\u00ebr bateri ose kordona<br \/>\n55 (L) x 71 (W) x 44 (D) cm<br \/>\nKarrige l\u00ebkund\u00ebse: pesha e foshnj\u00ebs = Deri n\u00eb 9 kg Karrige: pesha e foshnj\u00ebs = 13 kg<\/p>","protected":false},"excerpt":{"rendered":"<p>K\u00ebnaq d\u00ebshir\u00ebn natyrale t\u00eb foshnj\u00ebs tuaj p\u00ebr l\u00ebkundje nd\u00ebrsa ofron mb\u00ebshtetje optimale dhe zhvillim muskulor p\u00ebr qaf\u00ebn, shpin\u00ebn dhe trupin e foshnj\u00ebs tuaj.<\/p>","protected":false},"featured_media":9258,"comment_status":"open","ping_status":"closed","template":"","meta":[],"product_brand":[],"product_cat":[251,382],"product_tag":[403,404,405],"class_list":{"0":"post-9275","1":"product","2":"type-product","3":"status-publish","4":"has-post-thumbnail","6":"product_cat-0-6-muaj","7":"product_cat-babocush","8":"product_tag-babocush","9":"product_tag-bebe","10":"product_tag-perkujdesje","12":"first","13":"instock","14":"sale","15":"shipping-taxable","16":"purchasable","17":"product-type-simple"},"jetpack_sharing_enabled":true,"_links":{"self":[{"href":"https:\/\/nakedearth.al\/en\/wp-json\/wp\/v2\/product\/9275","targetHints":{"allow":["GET"]}}],"collection":[{"href":"https:\/\/nakedearth.al\/en\/wp-json\/wp\/v2\/product"}],"about":[{"href":"https:\/\/nakedearth.al\/en\/wp-json\/wp\/v2\/types\/product"}],"replies":[{"embeddable":true,"href":"https:\/\/nakedearth.al\/en\/wp-json\/wp\/v2\/comments?post=9275"}],"wp:featuredmedia":[{"embeddable":true,"href":"https:\/\/nakedearth.al\/en\/wp-json\/wp\/v2\/media\/9258"}],"wp:attachment":[{"href":"https:\/\/nakedearth.al\/en\/wp-json\/wp\/v2\/media?parent=9275"}],"wp:term":[{"taxonomy":"product_brand","embeddable":true,"href":"https:\/\/nakedearth.al\/en\/wp-json\/wp\/v2\/product_brand?post=9275"},{"taxonomy":"product_cat","embeddable":true,"href":"https:\/\/nakedearth.al\/en\/wp-json\/wp\/v2\/product_cat?post=9275"},{"taxonomy":"product_tag","embeddable":true,"href":"https:\/\/nakedearth.al\/en\/wp-json\/wp\/v2\/product_tag?post=9275"}],"curies":[{"name":"wp","href":"https:\/\/api.w.org\/{rel}","templated":true}]}}