{"id":9906,"date":"2021-09-06T20:46:58","date_gmt":"2021-09-06T18:46:58","guid":{"rendered":"https:\/\/nakedearth.al\/?post_type=product&#038;p=9906"},"modified":"2026-02-14T22:07:10","modified_gmt":"2026-02-14T21:07:10","slug":"teething-set","status":"publish","type":"product","link":"https:\/\/nakedearth.al\/en\/product\/teething-set\/","title":{"rendered":"Teething Set"},"content":{"rendered":"<div class=\"page\" title=\"Page 2\">\n<div class=\"section\">\n<div class=\"layoutArea\">\n<div class=\"column\">\n<h2>Matchstick Monkey \u2013 Teething Set<\/h2>\n<p>Matchstick Monkey ka produkte q\u00eb i p\u00ebrshtaten \u00e7do faze t\u00eb dh\u00ebmb\u00ebzimit. Projektuar posa\u00e7\u00ebrisht p\u00ebr t\u00eb ndihmuar foshnjat q\u00eb pro\u00e7esin e dh\u00ebmb\u00ebzimit ta kalojn\u00eb m\u00eb leht\u00eb. Ju mund t\u2019i qet\u00ebsoni mishrat e dh\u00ebmb\u00ebve t\u00eb foshnj\u00ebs suaj, si dhe t\u00eb kujdeseni p\u00ebr dh\u00ebmb\u00ebt e tyre t\u00eb rinj.<br \/>\nProdukte t\u00eb buta, t\u00eb sigurta &amp; me nj\u00eb shum\u00ebllojshm\u00ebri teksturash.<br \/>\nProjektuar ergonomikisht p\u00ebr t\u00eb ndihmuar f\u00ebmij\u00ebn tuaj ti mbaj\u00eb pavar\u00ebsisht nga mosha. Ndihmoni t\u00eb vegjlit tuaj t\u00eb kap\u00ebrcejn\u00eb sfidat e dh\u00ebmb\u00ebzimit me gam\u00ebn ton\u00eb t\u00eb mahnitshme.<\/p>\n<div class=\"page\" title=\"Page 15\">\n<div class=\"layoutArea\">\n<div class=\"column\">\n<p>Setet tona jan\u00eb arg\u00ebtuese, fleksib\u00ebl dhe gungat me tekstur\u00eb arrijn\u00eb shpejt tek burimi i dhimbjes s\u00eb f\u00ebmij\u00ebs suaj. Jan\u00eb t\u00eb vogla, t\u00eb lehta dhe t\u00eb shk\u00eblqyera p\u00ebr duar t\u00eb vogla \u2013 ideale p\u00ebr t\u2019u mbajtur n\u00eb \u00e7ant\u00ebn tuaj kur jeni n\u00eb l\u00ebvizje. Gisht\u00ebzat prej silikoni jan\u00eb fur\u00e7a e par\u00eb e dh\u00ebmb\u00ebve perfekte p\u00ebr f\u00ebmij\u00ebn tuaj. T\u00eb gjitha p\u00ebrmbajn\u00eb teknologjin\u00eb BioCote\u00ae mbrojtje antibakteriale q\u00eb redukton mikrobet n\u00eb sip\u00ebrfaqe duke i b\u00ebr\u00eb produktet tona m\u00eb t\u00eb pastra se \u00e7do dh\u00ebmb\u00ebzues tjet\u00ebr.<\/p>\n<h3>Seti p\u00ebrmban:<\/h3>\n<\/div>\n<\/div>\n<\/div>\n<\/div>\n<\/div>\n<\/div>\n<\/div>\n<h4>Monkey Teether<\/h4>\n<ul>\n<li>Dh\u00ebmb\u00ebzues arg\u00ebtues, me tekstur\u00eb t\u00eb but\u00eb silikoni q\u00eb ofron leht\u00ebsim p\u00ebr dhimbjen e mishrave t\u00eb dh\u00ebmb\u00ebve<\/li>\n<li>P\u00ebrmban teknologjin\u00eb antimikrobike BioCote\u00ae gjat\u00eb gjith\u00eb koh\u00ebs, duke e b\u00ebr\u00eb m\u00eb t\u00eb leht\u00eb mbajtjen past\u00ebr t\u00eb produktit duke e b\u00ebr\u00eb k\u00ebshtu m\u00eb t\u00eb past\u00ebr se \u00e7do dh\u00ebmb\u00ebzues tjet\u00ebr<\/li>\n<li>Gungat e buta n\u00eb pjes\u00ebn e pasme t\u00eb kok\u00ebs s\u00eb dh\u00ebmb\u00ebzuesit, t\u00eb cilat jan\u00eb perfekte p\u00ebr aplikimin e produkteve si xhel apo granula tek zonat q\u00eb jan\u00eb t\u00eb v\u00ebshtira p\u00ebr t\u2019u arritur (dh\u00ebmb\u00ebt e pasm\u00eb <em>molar)<\/em><\/li>\n<li>Dizajni ergonomik e ndihmon f\u00ebmij\u00ebn tuaj t\u00eb zhvilloj\u00eb aft\u00ebsit\u00eb motorike q\u00eb n\u00eb mosh\u00eb t\u00eb hershme<\/li>\n<li>I leht\u00eb p\u00ebr t\u2019u mbajtur nga duart e vogla<\/li>\n<li>Mund t\u00eb p\u00ebrdoret gjithashtu si fur\u00e7\u00eb dh\u00ebmb\u00ebsh<\/li>\n<li>Silikon i grad\u00ebs ushqimore i aprovuar nga FDA<\/li>\n<li>Pa BPA, jo toksike dhe miq\u00ebsore me mjedisin<\/li>\n<li>I sigurt n\u00eb lavastovilje dhe frigorifer<\/li>\n<li>I p\u00ebrshtatsh\u00ebm p\u00ebr sterilizim me avull dhe uj\u00eb t\u00eb ftoht\u00eb<\/li>\n<li>Lart\u00ebsia: 11 cm<\/li>\n<\/ul>\n<div class=\"page\" title=\"Page 19\">\n<div class=\"layoutArea\">\n<div class=\"column\">\n<h4>Lod\u00ebr dh\u00ebmb\u00ebzimi e shesht\u00eb (flat face)<\/h4>\n<\/div>\n<\/div>\n<\/div>\n<div class=\"page\" title=\"Page 19\">\n<div class=\"layoutArea\">\n<div class=\"column\">\n<ul>\n<li>E leht\u00eb dhe praktike p\u00ebr t\u2019u mbajtur nga duart e vogla, duke ndihmuar n\u00eb zhvillimin e aft\u00ebsive motorike q\u00eb n\u00eb mosh\u00eb t\u00eb hershme<\/li>\n<li>Tekstur\u00eb e ndryshme p\u00ebr t\u00eb qet\u00ebsuar mishrat e dh\u00ebmb\u00ebve t\u00eb irrituar<\/li>\n<li>Mbrojtje e shtuar Antibakteriale BioCote\u00ae, e cila siguron reduktimit t\u00eb mikrobeve n\u00eb sip\u00ebrfaqen e produktit, duke e b\u00ebr\u00eb at\u00eb m\u00eb t\u00eb sigurt\u00eb dhe m\u00eb t\u00eb past\u00ebr se \u00e7do dh\u00ebmb\u00ebzues tjet\u00ebr<\/li>\n<li>Pa BPA, jo toksike dhe miq\u00ebsore me mjedisin<\/li>\n<li>E sigurt\u00eb n\u00eb lavastovilje dhe frigorifer<\/li>\n<li>E p\u00ebrshtatshme p\u00ebr sterilizim me avull dhe uj\u00eb t\u00eb ftoht\u00eb<\/li>\n<li>Lart\u00ebsia: 8 cm<\/li>\n<\/ul>\n<h4>Fur\u00e7\u00eb dh\u00ebmb\u00ebsh version gisht\u00ebze silikoni<\/h4>\n<ul>\n<li>Fur\u00e7a e par\u00eb e dh\u00ebmb\u00ebve p\u00ebr bebe<\/li>\n<li>E but\u00eb dhe delikate me mishrat e dh\u00ebmb\u00ebve q\u00eb prej dh\u00ebmbit t\u00eb par\u00eb<\/li>\n<li>Prodhuar me Mbrojtje Antibakteriale BioCote\u00ae<\/li>\n<li>T\u00eb p\u00ebrshtatshme p\u00ebr lavastovilje dhe frigorifer<\/li>\n<li>P\u00ebr foshnjat nga 3 deri n\u00eb 12 muaj<\/li>\n<li>Lart\u00ebsia: 5.4 cm<\/li>\n<\/ul>\n<\/div>\n<\/div>\n<\/div>","protected":false},"excerpt":{"rendered":"<h3>T\u00eb gjitha n\u00eb nj\u00eb vend!<\/h3>\n<p>Matchstick Monkey ka produkte q\u00eb i p\u00ebrshtaten \u00e7do faze t\u00eb dh\u00ebmb\u00ebzimit. Projektuar posa\u00e7\u00ebrisht p\u00ebr t\u00eb ndihmuar foshnjat q\u00eb pro\u00e7esin e dh\u00ebmb\u00ebzimit ta kalojn\u00eb m\u00eb leht\u00eb. Seti yn\u00eb i p\u00ebrsosur p\u00ebr faz\u00ebn e dh\u00ebmb\u00ebzimit ka t\u00eb gjitha gj\u00ebrat thelb\u00ebsore p\u00ebr t\u00eb qet\u00ebsuar dhimbjen e daljes s\u00eb dh\u00ebmb\u00ebve t\u00eb vog\u00eblushit tuaj.<\/p>","protected":false},"featured_media":14615,"comment_status":"open","ping_status":"closed","template":"","meta":[],"product_brand":[],"product_cat":[253,252,259,282,94],"product_tag":[578,914],"class_list":{"0":"post-9906","1":"product","2":"type-product","3":"status-publish","4":"has-post-thumbnail","6":"product_cat-12-muaj","7":"product_cat-6-12-muaj","8":"product_cat-dalja-e-dhembeve","9":"product_cat-lodra","10":"product_cat-matchstick-monkey","11":"product_tag-teething","12":"product_tag-toy","14":"first","15":"instock","16":"shipping-taxable","17":"purchasable","18":"product-type-variable"},"jetpack_sharing_enabled":true,"_links":{"self":[{"href":"https:\/\/nakedearth.al\/en\/wp-json\/wp\/v2\/product\/9906","targetHints":{"allow":["GET"]}}],"collection":[{"href":"https:\/\/nakedearth.al\/en\/wp-json\/wp\/v2\/product"}],"about":[{"href":"https:\/\/nakedearth.al\/en\/wp-json\/wp\/v2\/types\/product"}],"replies":[{"embeddable":true,"href":"https:\/\/nakedearth.al\/en\/wp-json\/wp\/v2\/comments?post=9906"}],"wp:featuredmedia":[{"embeddable":true,"href":"https:\/\/nakedearth.al\/en\/wp-json\/wp\/v2\/media\/14615"}],"wp:attachment":[{"href":"https:\/\/nakedearth.al\/en\/wp-json\/wp\/v2\/media?parent=9906"}],"wp:term":[{"taxonomy":"product_brand","embeddable":true,"href":"https:\/\/nakedearth.al\/en\/wp-json\/wp\/v2\/product_brand?post=9906"},{"taxonomy":"product_cat","embeddable":true,"href":"https:\/\/nakedearth.al\/en\/wp-json\/wp\/v2\/product_cat?post=9906"},{"taxonomy":"product_tag","embeddable":true,"href":"https:\/\/nakedearth.al\/en\/wp-json\/wp\/v2\/product_tag?post=9906"}],"curies":[{"name":"wp","href":"https:\/\/api.w.org\/{rel}","templated":true}]}}